{"id":1068,"date":"2024-01-29T16:11:21","date_gmt":"2024-01-29T16:11:21","guid":{"rendered":"http:\/\/172.211.240.81\/?page_id=1068"},"modified":"2024-05-10T14:18:13","modified_gmt":"2024-05-10T14:18:13","slug":"privacy-policy","status":"publish","type":"page","link":"https:\/\/b2f.pt\/en\/privacy-policy\/","title":{"rendered":"Privacy Policy"},"content":{"rendered":"<div data-elementor-type=\"wp-page\" data-elementor-id=\"1068\" class=\"elementor elementor-1068\" data-elementor-post-type=\"page\">\n\t\t\t\t<div class=\"elementor-element elementor-element-9a2f741 e-flex e-con-boxed e-con e-parent\" data-id=\"9a2f741\" data-element_type=\"container\" id=\"particles-js\" data-settings=\"{&quot;background_background&quot;:&quot;gradient&quot;,&quot;shape_divider_bottom&quot;:&quot;waves&quot;}\">\n\t\t\t\t\t<div class=\"e-con-inner\">\n\t\t\t\t<div class=\"elementor-shape elementor-shape-bottom\" aria-hidden=\"true\" data-negative=\"false\">\n\t\t\t<svg xmlns=\"http:\/\/www.w3.org\/2000\/svg\" viewbox=\"0 0 1000 100\" preserveaspectratio=\"none\">\n\t<path class=\"elementor-shape-fill\" d=\"M421.9,6.5c22.6-2.5,51.5,0.4,75.5,5.3c23.6,4.9,70.9,23.5,100.5,35.7c75.8,32.2,133.7,44.5,192.6,49.7\tc23.6,2.1,48.7,3.5,103.4-2.5c54.7-6,106.2-25.6,106.2-25.6V0H0v30.3c0,0,72,32.6,158.4,30.5c39.2-0.7,92.8-6.7,134-22.4\tc21.2-8.1,52.2-18.2,79.7-24.2C399.3,7.9,411.6,7.5,421.9,6.5z\"\/>\n<\/svg>\t\t<\/div>\n\t\t\t\t<div class=\"elementor-element elementor-element-8193f38 elementor-widget elementor-widget-heading\" data-id=\"8193f38\" data-element_type=\"widget\" data-widget_type=\"heading.default\">\n\t\t\t\t<div class=\"elementor-widget-container\">\n\t\t\t\t\t<h1 class=\"elementor-heading-title elementor-size-default\">Privacy Policy\n<\/h1>\t\t\t\t<\/div>\n\t\t\t\t<\/div>\n\t\t\t\t<div class=\"elementor-element elementor-element-9c4bad0 elementor-widget elementor-widget-heading\" data-id=\"9c4bad0\" data-element_type=\"widget\" data-widget_type=\"heading.default\">\n\t\t\t\t<div class=\"elementor-widget-container\">\n\t\t\t\t\t<h3 class=\"elementor-heading-title elementor-size-default\">Our Privacy Policy<\/h3>\t\t\t\t<\/div>\n\t\t\t\t<\/div>\n\t\t\t\t\t<\/div>\n\t\t\t\t<\/div>\n\t\t<div class=\"elementor-element elementor-element-e09d768 e-flex e-con-boxed e-con e-parent\" data-id=\"e09d768\" data-element_type=\"container\" data-settings=\"{&quot;background_background&quot;:&quot;classic&quot;}\">\n\t\t\t\t\t<div class=\"e-con-inner\">\n\t\t\t\t<div class=\"elementor-element elementor-element-8013782 elementor-widget elementor-widget-text-editor\" data-id=\"8013782\" data-element_type=\"widget\" data-widget_type=\"text-editor.default\">\n\t\t\t\t<div class=\"elementor-widget-container\">\n\t\t\t\t\t\t\t\t\t<p>B2F-BUSINESS TO FUTURE \u2013 Programa\u00e7\u00e3o e Inform\u00e1tica, Lda understands that the use of your personal data requires the trust of the holders. B2F \u2013 Business to Future is subject to the highest privacy standards and will only use personal data for specifically identified purposes and in accordance with the data protection rights of data subjects.<\/p><p>The confidentiality and integrity of personal data are one of our main concerns.<\/p><p>This Privacy Notice establishes how B2F \u2013 Business to Future uses the personal data of its customers, potential customers and candidates:<\/p><h3>1. Who is B2F \u2013 Business to Future?<\/h3><p>BUSINESSTOFUTURE is a company founded in 2006, which focuses on the design and development of business information management solutions and decision support systems for medium and large companies, in a wide range of markets.<\/p><p>It has its headquarters at Rua Dom Afonso Henriques, 1736, 4435-003 Rio Tinto, Porto, Portugal<\/p><h3>2. Responsible for processing personal data<\/h3><p>B2F \u2013 Business to Future is responsible for processing the personal data of its customers, potential customers, employees and candidates.<\/p><h3>3. Other information regarding the main data processing carried out<\/h3><h4>RECRUITMENT<\/h4><p><b>Categories of personal data collected:<\/b>\u00a0For recruitment and selection purposes, B2F- Business to Future collects the name, educational qualifications, employment history, language proficiency, telephone contact, nationality and location of candidates.<\/p><p><b>Goal:<\/b>\u00a0This data is processed for the purposes of analyzing the suitability of candidates; presentation of employment opportunities; and handling the employee admission process.<\/p><p><b>Foundation:<\/b>\u00a0Data processing in the context of B2F \u2013 Business to Future recruitment processes is based on the pre-contractual procedures involved, and the communication of data collected in this context to B2F \u2013 Business to Future customers, also for recruitment purposes., is based on the consent of the data subject to its communication to other entities.<\/p><p><b>Subcontractors:\u00a0<\/b>Data processing may be carried out by a service provider, hired by B2F \u2013 Business to Future, as subcontractor. Providers will exclusively process data for the purposes defined by B2F \u2013 Business to Future and in compliance with the instructions issued by it, strictly complying with legal standards on the protection of personal data, information security and other applicable standards.<\/p><p><b>Receivers of personal data:\u00a0<\/b>B2F \u2013 Business to Future shares personal data collected in this context, when authorized by the data subject, with customers who may have available job opportunities or are interested in placing candidates.<\/p><p><b>Data Transfers:\u00a0<\/b>B2F \u2013 Business to Future processes data within the territory of the European Economic Area, and no transfer of data to a third country is expected.<\/p><p><b>Conservation period:\u00a0<\/b>Personal data collected as part of recruitment processes are retained for a period of 2 years, after which they will be deleted, unless their retention proves necessary to comply with legal obligations or to defend B2F \u2013 Business to Future in court .<\/p><p><b>Obligatoriness:\u00a0<\/b>The provision of personal data under the terms set out is an essential condition for participating in any B2F \u2013 Business to Future recruitment process. Consent for the communication of data provided to customers is not mandatory. However, this consent is essential for such communication to take place.<\/p><h4>MARKETING<\/h4><p><b>Categories of personal data collected:<\/b>\u00a0To disseminate relevant information relating to its activity, B2F \u2013 Business to Future collects contact data, namely name and email.<\/p><p><b>Goal:\u00a0<\/b>This data is processed for the purposes of disseminating relevant information relating to the activity carried out by B2F \u2013 Business to Future, newsletters, satisfaction surveys, invitations to events and training actions.<\/p><p><b>Foundation:\u00a0<\/b>Data processing in this context is based on the consent provided by the holder of personal data.<\/p><p><b>Subcontractors:\u00a0<\/b>The personal information collected and processed for this purpose may be shared with the provision of support services for the technology platform, as a subcontractor. Providers will exclusively process data for the purposes defined by B2F \u2013 Business to Future and in compliance with the instructions issued by it, strictly complying with legal standards on the protection of personal data, information security and other applicable standards.<\/p><p><b>Data Transfers:\u00a0<\/b>The processing of this information is carried out only in the European Economic Area, and no transfer of data to a third country is expected.<\/p><p><b>Conservation period:\u00a0<\/b>These personal data are kept until the data subject withdraws the consent given, if this occurs, the data will be deleted.<\/p><p><b>Obligatoriness:\u00a0<\/b>The provision of personal data of the respective holder for this purpose does not constitute a legal or contractual obligation, but is, however, a necessary assumption of receiving communications about the activity carried out by B2F \u2013 Business to Future.<\/p><h4>CUSTOMER MANAGEMENT<\/h4><p><b>Categories of personal data collected:\u00a0<\/b>As part of its provision of services to customers, B2F \u2013 Business to Future processes personal data of different categories, essential for the execution of contracted services, namely demographic data; relatives; contractual identifiers; image registration (photography); government identifiers; contacts; assets, financial positions and movements and professional activity.<\/p><p><b>Goal:<\/b>\u00a0This data is processed to provide business and technology consulting services and strategic outsourcing in the areas of accounting-financial, tax, human resources and business support processes.<\/p><p><b>Foundation:<\/b>\u00a0This data processing is based on the need to execute the contracts concluded by B2F \u2013 Business to Future with its customers.<\/p><p><b>Subcontractor:<\/b>\u00a0Personal data contained in these treatments may be shared with technological service providers or others contracted by B2F \u2013 Business to Future. Providers will exclusively process data for the purposes defined by B2F \u2013 Business to Future and in compliance with the instructions issued by it, strictly complying with legal standards on the protection of personal data, information security and other applicable standards.<\/p><p><b>Data Transfers:\u00a0<\/b>The processing of this information is carried out only in the European Economic Area, and no transfer of data to a third country is expected.<\/p><p><b>Conservation period:\u00a0<\/b>The data processed in this context will be kept for a period of 2 years after the termination of the contractual relationship, after which it will be deleted, unless its conservation proves necessary to comply with legal obligations or for the defense of B2F \u2013 Business to Future in judgment.<\/p><p><b>Obligatoriness:<\/b>\u00a0The communication of personal data requested from customers is an essential requirement for the establishment of a commercial relationship between the Parties.<\/p><h3>4. Rights of personal data holders<\/h3><p>Data subjects may request access to their personal data, the rectification of their data or its erasure, the limitation of the processing of their data, data portability, oppose the use of their data and withdraw their remaining consent to processing, whenever applicable, under legal terms.<\/p><p>The data subject has the right to lodge a complaint with the Control Authority, in Portugal, the National Data Protection Commission.<\/p><p>The rights before B2F \u2013 Business to Future may be exercised by the data subject by contacting the email geral@b2f.pt.<\/p><h3>5. Changes to the Privacy Notice<\/h3><p>B2F \u2013 Business to Future reserves the right, at any time, to make readjustments or changes to this privacy notice, provided that such changes will be duly published on this website and made known to data subjects. The version published on the website is the one currently in force.<\/p><h3>6. Contacts<\/h3><p>For further clarification, please contact us via email geral@b2f.pt<\/p>\t\t\t\t\t\t\t\t<\/div>\n\t\t\t\t<\/div>\n\t\t\t\t\t<\/div>\n\t\t\t\t<\/div>\n\t\t<div class=\"elementor-element elementor-element-909396e e-transform e-flex e-con-boxed e-con e-parent\" data-id=\"909396e\" data-element_type=\"container\" data-settings=\"{&quot;background_background&quot;:&quot;gradient&quot;,&quot;shape_divider_top&quot;:&quot;waves&quot;,&quot;_transform_scale_effect_hover&quot;:{&quot;unit&quot;:&quot;px&quot;,&quot;size&quot;:&quot;&quot;,&quot;sizes&quot;:[]},&quot;_transform_scale_effect_hover_tablet&quot;:{&quot;unit&quot;:&quot;px&quot;,&quot;size&quot;:&quot;&quot;,&quot;sizes&quot;:[]},&quot;_transform_scale_effect_hover_mobile&quot;:{&quot;unit&quot;:&quot;px&quot;,&quot;size&quot;:&quot;&quot;,&quot;sizes&quot;:[]}}\">\n\t\t\t\t\t<div class=\"e-con-inner\">\n\t\t\t\t<div class=\"elementor-shape elementor-shape-top\" aria-hidden=\"true\" data-negative=\"false\">\n\t\t\t<svg xmlns=\"http:\/\/www.w3.org\/2000\/svg\" viewbox=\"0 0 1000 100\" preserveaspectratio=\"none\">\n\t<path class=\"elementor-shape-fill\" d=\"M421.9,6.5c22.6-2.5,51.5,0.4,75.5,5.3c23.6,4.9,70.9,23.5,100.5,35.7c75.8,32.2,133.7,44.5,192.6,49.7\tc23.6,2.1,48.7,3.5,103.4-2.5c54.7-6,106.2-25.6,106.2-25.6V0H0v30.3c0,0,72,32.6,158.4,30.5c39.2-0.7,92.8-6.7,134-22.4\tc21.2-8.1,52.2-18.2,79.7-24.2C399.3,7.9,411.6,7.5,421.9,6.5z\"\/>\n<\/svg>\t\t<\/div>\n\t\t<div class=\"elementor-element elementor-element-8e46c67 e-con-full e-flex e-con e-child\" data-id=\"8e46c67\" data-element_type=\"container\">\n\t\t\t\t<div class=\"elementor-element elementor-element-c81177a elementor-widget elementor-widget-heading\" data-id=\"c81177a\" data-element_type=\"widget\" data-widget_type=\"heading.default\">\n\t\t\t\t<div class=\"elementor-widget-container\">\n\t\t\t\t\t<h4 class=\"elementor-heading-title elementor-size-default\">Ready to define a successful future? <\/h4>\t\t\t\t<\/div>\n\t\t\t\t<\/div>\n\t\t\t\t<div class=\"elementor-element elementor-element-ba1667f elementor-widget elementor-widget-heading\" data-id=\"ba1667f\" data-element_type=\"widget\" data-widget_type=\"heading.default\">\n\t\t\t\t<div class=\"elementor-widget-container\">\n\t\t\t\t\t<h2 class=\"elementor-heading-title elementor-size-default\">Get in touch<\/h2>\t\t\t\t<\/div>\n\t\t\t\t<\/div>\n\t\t\t\t<div class=\"elementor-element elementor-element-170a66c elementor-mobile-align-center elementor-widget elementor-widget-button\" data-id=\"170a66c\" data-element_type=\"widget\" data-widget_type=\"button.default\">\n\t\t\t\t<div class=\"elementor-widget-container\">\n\t\t\t\t\t\t\t\t\t<div class=\"elementor-button-wrapper\">\n\t\t\t\t\t<a class=\"elementor-button elementor-button-link elementor-size-md elementor-animation-grow\" href=\"https:\/\/b2f.pt\/en\/contacts\/\">\n\t\t\t\t\t\t<span class=\"elementor-button-content-wrapper\">\n\t\t\t\t\t\t<span class=\"elementor-button-icon\">\n\t\t\t\t<svg aria-hidden=\"true\" class=\"e-font-icon-svg e-fas-arrow-right\" viewbox=\"0 0 448 512\" xmlns=\"http:\/\/www.w3.org\/2000\/svg\"><path d=\"M190.5 66.9l22.2-22.2c9.4-9.4 24.6-9.4 33.9 0L441 239c9.4 9.4 9.4 24.6 0 33.9L246.6 467.3c-9.4 9.4-24.6 9.4-33.9 0l-22.2-22.2c-9.5-9.5-9.3-25 .4-34.3L311.4 296H24c-13.3 0-24-10.7-24-24v-32c0-13.3 10.7-24 24-24h287.4L190.9 101.2c-9.8-9.3-10-24.8-.4-34.3z\"><\/path><\/svg>\t\t\t<\/span>\n\t\t\t\t\t\t\t\t\t<span class=\"elementor-button-text\">Contact us<\/span>\n\t\t\t\t\t<\/span>\n\t\t\t\t\t<\/a>\n\t\t\t\t<\/div>\n\t\t\t\t\t\t\t\t<\/div>\n\t\t\t\t<\/div>\n\t\t\t\t<\/div>\n\t\t<div class=\"elementor-element elementor-element-76c7cfb e-con-full elementor-hidden-mobile e-flex e-con e-child\" data-id=\"76c7cfb\" data-element_type=\"container\">\n\t\t\t\t<div class=\"elementor-element elementor-element-5daed67 elementor-invisible elementor-widget elementor-widget-image\" data-id=\"5daed67\" data-element_type=\"widget\" data-settings=\"{&quot;motion_fx_motion_fx_scrolling&quot;:&quot;yes&quot;,&quot;motion_fx_translateY_effect&quot;:&quot;yes&quot;,&quot;motion_fx_translateY_direction&quot;:&quot;negative&quot;,&quot;motion_fx_translateY_speed&quot;:{&quot;unit&quot;:&quot;px&quot;,&quot;size&quot;:&quot;1&quot;,&quot;sizes&quot;:[]},&quot;motion_fx_devices&quot;:[&quot;desktop&quot;,&quot;tablet&quot;],&quot;motion_fx_translateY_affectedRange&quot;:{&quot;unit&quot;:&quot;%&quot;,&quot;size&quot;:&quot;&quot;,&quot;sizes&quot;:{&quot;start&quot;:&quot;0&quot;,&quot;end&quot;:&quot;50&quot;}},&quot;_animation&quot;:&quot;bounceIn&quot;}\" data-widget_type=\"image.default\">\n\t\t\t\t<div class=\"elementor-widget-container\">\n\t\t\t\t\t\t\t\t\t\t\t\t\t\t\t<img fetchpriority=\"high\" decoding=\"async\" width=\"500\" height=\"500\" src=\"https:\/\/b2f.pt\/wp-content\/uploads\/2024\/02\/Artboard-1-1.jpg\" class=\"attachment-full size-full wp-image-1322\" alt=\"B2F Team\" \/>\t\t\t\t\t\t\t\t\t\t\t\t\t\t\t<\/div>\n\t\t\t\t<\/div>\n\t\t\t\t<\/div>\n\t\t\t\t\t<\/div>\n\t\t\t\t<\/div>\n\t\t\t\t<\/div>","protected":false},"excerpt":{"rendered":"<p>Pol\u00edtica de privacidade A nossa Pol\u00edtica de Privacidade A B2F-BUSINESS TO FUTURE \u2013 Programa\u00e7\u00e3o e Inform\u00e1tica, Lda compreende que a utiliza\u00e7\u00e3o dos seus dados pessoais requer a confian\u00e7a dos respetivos titulares. A B2F &#8211; Business to Future est\u00e1 sujeita aos mais elevados padr\u00f5es de privacidade e apenas ir\u00e1 utilizar dados pessoais para finalidades claramente identificadas [&hellip;]<\/p>","protected":false},"author":1,"featured_media":0,"parent":0,"menu_order":0,"comment_status":"closed","ping_status":"closed","template":"","meta":{"_acf_changed":false,"footnotes":""},"class_list":["post-1068","page","type-page","status-publish","hentry"],"acf":[],"yoast_head":"<!-- This site is optimized with the Yoast SEO plugin v26.2 - https:\/\/yoast.com\/wordpress\/plugins\/seo\/ -->\r\n<title>Privacy Policy - B2F - Business to Future<\/title>\r\n<meta name=\"robots\" content=\"index, follow, max-snippet:-1, max-image-preview:large, max-video-preview:-1\" \/>\r\n<link rel=\"canonical\" href=\"https:\/\/b2f.pt\/en\/privacy-policy\/\" \/>\r\n<meta property=\"og:locale\" content=\"en_GB\" \/>\r\n<meta property=\"og:type\" content=\"article\" \/>\r\n<meta property=\"og:title\" content=\"Privacy Policy - B2F - Business to Future\" \/>\r\n<meta property=\"og:description\" content=\"Pol\u00edtica de privacidade A nossa Pol\u00edtica de Privacidade A B2F-BUSINESS TO FUTURE \u2013 Programa\u00e7\u00e3o e Inform\u00e1tica, Lda compreende que a utiliza\u00e7\u00e3o dos seus dados pessoais requer a confian\u00e7a dos respetivos titulares. A B2F &#8211; Business to Future est\u00e1 sujeita aos mais elevados padr\u00f5es de privacidade e apenas ir\u00e1 utilizar dados pessoais para finalidades claramente identificadas [&hellip;]\" \/>\r\n<meta property=\"og:url\" content=\"https:\/\/b2f.pt\/en\/privacy-policy\/\" \/>\r\n<meta property=\"og:site_name\" content=\"B2F - Business to Future\" \/>\r\n<meta property=\"article:publisher\" content=\"https:\/\/www.facebook.com\/businesstofuture\/?locale=pt_PT\" \/>\r\n<meta property=\"article:modified_time\" content=\"2024-05-10T14:18:13+00:00\" \/>\r\n<meta property=\"og:image\" content=\"https:\/\/b2f.pt\/wp-content\/uploads\/2024\/02\/Artboard-1-1.jpg\" \/>\r\n<meta name=\"twitter:card\" content=\"summary_large_image\" \/>\r\n<meta name=\"twitter:label1\" content=\"Estimated reading time\" \/>\n\t<meta name=\"twitter:data1\" content=\"8 minutes\" \/>\r\n<script type=\"application\/ld+json\" class=\"yoast-schema-graph\">{\"@context\":\"https:\/\/schema.org\",\"@graph\":[{\"@type\":\"WebPage\",\"@id\":\"https:\/\/b2f.pt\/en\/privacy-policy\/\",\"url\":\"https:\/\/b2f.pt\/en\/privacy-policy\/\",\"name\":\"Privacy Policy - B2F - Business to Future\",\"isPartOf\":{\"@id\":\"https:\/\/b2f.pt\/#website\"},\"primaryImageOfPage\":{\"@id\":\"https:\/\/b2f.pt\/en\/privacy-policy\/#primaryimage\"},\"image\":{\"@id\":\"https:\/\/b2f.pt\/en\/privacy-policy\/#primaryimage\"},\"thumbnailUrl\":\"https:\/\/b2f.pt\/wp-content\/uploads\/2024\/02\/Artboard-1-1.jpg\",\"datePublished\":\"2024-01-29T16:11:21+00:00\",\"dateModified\":\"2024-05-10T14:18:13+00:00\",\"breadcrumb\":{\"@id\":\"https:\/\/b2f.pt\/en\/privacy-policy\/#breadcrumb\"},\"inLanguage\":\"en-GB\",\"potentialAction\":[{\"@type\":\"ReadAction\",\"target\":[\"https:\/\/b2f.pt\/en\/privacy-policy\/\"]}]},{\"@type\":\"ImageObject\",\"inLanguage\":\"en-GB\",\"@id\":\"https:\/\/b2f.pt\/en\/privacy-policy\/#primaryimage\",\"url\":\"https:\/\/b2f.pt\/wp-content\/uploads\/2024\/02\/Artboard-1-1.jpg\",\"contentUrl\":\"https:\/\/b2f.pt\/wp-content\/uploads\/2024\/02\/Artboard-1-1.jpg\"},{\"@type\":\"BreadcrumbList\",\"@id\":\"https:\/\/b2f.pt\/en\/privacy-policy\/#breadcrumb\",\"itemListElement\":[{\"@type\":\"ListItem\",\"position\":1,\"name\":\"Home\",\"item\":\"https:\/\/b2f.pt\/\"},{\"@type\":\"ListItem\",\"position\":2,\"name\":\"Privacy Policy\"}]},{\"@type\":\"WebSite\",\"@id\":\"https:\/\/b2f.pt\/#website\",\"url\":\"https:\/\/b2f.pt\/\",\"name\":\"B2F - Business to Future\",\"description\":\"Retire Conhecimento Dos Seus Dados\",\"publisher\":{\"@id\":\"https:\/\/b2f.pt\/#organization\"},\"alternateName\":\"B2F\",\"potentialAction\":[{\"@type\":\"SearchAction\",\"target\":{\"@type\":\"EntryPoint\",\"urlTemplate\":\"https:\/\/b2f.pt\/?s={search_term_string}\"},\"query-input\":{\"@type\":\"PropertyValueSpecification\",\"valueRequired\":true,\"valueName\":\"search_term_string\"}}],\"inLanguage\":\"en-GB\"},{\"@type\":\"Organization\",\"@id\":\"https:\/\/b2f.pt\/#organization\",\"name\":\"B2F - Business to Future\",\"alternateName\":\"B2F\",\"url\":\"https:\/\/b2f.pt\/\",\"logo\":{\"@type\":\"ImageObject\",\"inLanguage\":\"en-GB\",\"@id\":\"https:\/\/b2f.pt\/#\/schema\/logo\/image\/\",\"url\":\"https:\/\/b2f.pt\/wp-content\/uploads\/2024\/01\/logo.svg\",\"contentUrl\":\"https:\/\/b2f.pt\/wp-content\/uploads\/2024\/01\/logo.svg\",\"width\":2908,\"height\":664,\"caption\":\"B2F - Business to Future\"},\"image\":{\"@id\":\"https:\/\/b2f.pt\/#\/schema\/logo\/image\/\"},\"sameAs\":[\"https:\/\/www.facebook.com\/businesstofuture\/?locale=pt_PT\"]}]}<\/script>\r\n<!-- \/ Yoast SEO plugin. -->","yoast_head_json":{"title":"Privacy Policy - B2F - Business to Future","robots":{"index":"index","follow":"follow","max-snippet":"max-snippet:-1","max-image-preview":"max-image-preview:large","max-video-preview":"max-video-preview:-1"},"canonical":"https:\/\/b2f.pt\/en\/privacy-policy\/","og_locale":"en_GB","og_type":"article","og_title":"Privacy Policy - B2F - Business to Future","og_description":"Pol\u00edtica de privacidade A nossa Pol\u00edtica de Privacidade A B2F-BUSINESS TO FUTURE \u2013 Programa\u00e7\u00e3o e Inform\u00e1tica, Lda compreende que a utiliza\u00e7\u00e3o dos seus dados pessoais requer a confian\u00e7a dos respetivos titulares. A B2F &#8211; Business to Future est\u00e1 sujeita aos mais elevados padr\u00f5es de privacidade e apenas ir\u00e1 utilizar dados pessoais para finalidades claramente identificadas [&hellip;]","og_url":"https:\/\/b2f.pt\/en\/privacy-policy\/","og_site_name":"B2F - Business to Future","article_publisher":"https:\/\/www.facebook.com\/businesstofuture\/?locale=pt_PT","article_modified_time":"2024-05-10T14:18:13+00:00","og_image":[{"url":"https:\/\/b2f.pt\/wp-content\/uploads\/2024\/02\/Artboard-1-1.jpg","type":"","width":"","height":""}],"twitter_card":"summary_large_image","twitter_misc":{"Estimated reading time":"8 minutes"},"schema":{"@context":"https:\/\/schema.org","@graph":[{"@type":"WebPage","@id":"https:\/\/b2f.pt\/en\/privacy-policy\/","url":"https:\/\/b2f.pt\/en\/privacy-policy\/","name":"Privacy Policy - B2F - Business to Future","isPartOf":{"@id":"https:\/\/b2f.pt\/#website"},"primaryImageOfPage":{"@id":"https:\/\/b2f.pt\/en\/privacy-policy\/#primaryimage"},"image":{"@id":"https:\/\/b2f.pt\/en\/privacy-policy\/#primaryimage"},"thumbnailUrl":"https:\/\/b2f.pt\/wp-content\/uploads\/2024\/02\/Artboard-1-1.jpg","datePublished":"2024-01-29T16:11:21+00:00","dateModified":"2024-05-10T14:18:13+00:00","breadcrumb":{"@id":"https:\/\/b2f.pt\/en\/privacy-policy\/#breadcrumb"},"inLanguage":"en-GB","potentialAction":[{"@type":"ReadAction","target":["https:\/\/b2f.pt\/en\/privacy-policy\/"]}]},{"@type":"ImageObject","inLanguage":"en-GB","@id":"https:\/\/b2f.pt\/en\/privacy-policy\/#primaryimage","url":"https:\/\/b2f.pt\/wp-content\/uploads\/2024\/02\/Artboard-1-1.jpg","contentUrl":"https:\/\/b2f.pt\/wp-content\/uploads\/2024\/02\/Artboard-1-1.jpg"},{"@type":"BreadcrumbList","@id":"https:\/\/b2f.pt\/en\/privacy-policy\/#breadcrumb","itemListElement":[{"@type":"ListItem","position":1,"name":"Home","item":"https:\/\/b2f.pt\/"},{"@type":"ListItem","position":2,"name":"Privacy Policy"}]},{"@type":"WebSite","@id":"https:\/\/b2f.pt\/#website","url":"https:\/\/b2f.pt\/","name":"B2F - Business to Future","description":"Retire Conhecimento Dos Seus Dados","publisher":{"@id":"https:\/\/b2f.pt\/#organization"},"alternateName":"B2F","potentialAction":[{"@type":"SearchAction","target":{"@type":"EntryPoint","urlTemplate":"https:\/\/b2f.pt\/?s={search_term_string}"},"query-input":{"@type":"PropertyValueSpecification","valueRequired":true,"valueName":"search_term_string"}}],"inLanguage":"en-GB"},{"@type":"Organization","@id":"https:\/\/b2f.pt\/#organization","name":"B2F - Business to Future","alternateName":"B2F","url":"https:\/\/b2f.pt\/","logo":{"@type":"ImageObject","inLanguage":"en-GB","@id":"https:\/\/b2f.pt\/#\/schema\/logo\/image\/","url":"https:\/\/b2f.pt\/wp-content\/uploads\/2024\/01\/logo.svg","contentUrl":"https:\/\/b2f.pt\/wp-content\/uploads\/2024\/01\/logo.svg","width":2908,"height":664,"caption":"B2F - Business to Future"},"image":{"@id":"https:\/\/b2f.pt\/#\/schema\/logo\/image\/"},"sameAs":["https:\/\/www.facebook.com\/businesstofuture\/?locale=pt_PT"]}]}},"_links":{"self":[{"href":"https:\/\/b2f.pt\/en\/wp-json\/wp\/v2\/pages\/1068","targetHints":{"allow":["GET"]}}],"collection":[{"href":"https:\/\/b2f.pt\/en\/wp-json\/wp\/v2\/pages"}],"about":[{"href":"https:\/\/b2f.pt\/en\/wp-json\/wp\/v2\/types\/page"}],"author":[{"embeddable":true,"href":"https:\/\/b2f.pt\/en\/wp-json\/wp\/v2\/users\/1"}],"replies":[{"embeddable":true,"href":"https:\/\/b2f.pt\/en\/wp-json\/wp\/v2\/comments?post=1068"}],"version-history":[{"count":0,"href":"https:\/\/b2f.pt\/en\/wp-json\/wp\/v2\/pages\/1068\/revisions"}],"wp:attachment":[{"href":"https:\/\/b2f.pt\/en\/wp-json\/wp\/v2\/media?parent=1068"}],"curies":[{"name":"wp","href":"https:\/\/api.w.org\/{rel}","templated":true}]}}